


















{"id":10193,"date":"2017-08-22T09:24:02","date_gmt":"2017-08-22T09:24:02","guid":{"rendered":"https:\/\/bilanciosocialecgil.it\/?page_id=10193"},"modified":"2018-10-09T14:06:59","modified_gmt":"2018-10-09T14:06:59","slug":"sviluppo-imprese-lavoro","status":"publish","type":"page","link":"https:\/\/bilanciosocialecgil.it\/emilia-romagna\/il-patto-per-il-lavoro\/gli-impegni-lo-attuazione-attivita-risultati\/sviluppo-imprese-lavoro\/","title":{"rendered":"Sviluppo imprese e lavoro"},"content":{"rendered":"\r\n<div  data-mk-full-width=\"true\" data-mk-full-width-init=\"false\" class=\"wpb_row vc_row vc_row-fluid jupiter-donut- mk-fullwidth-true  attched-false     js-master-row \">\r\n\t\t\t<div class=\"mk-grid\">\r\n\t\t\t\t\r\n<div class=\"vc_col-sm-12 wpb_column column_container  jupiter-donut- _ jupiter-donut-height-full\">\r\n\t<h3 style=\"font-size: 48px;color: #df9241;text-align: left;font-family:Dosis;font-weight:500;font-style:normal\" class=\"vc_custom_heading\" >Sviluppo<\/h3><h4 style=\"font-size: 48px;color: #636363;text-align: left;font-family:Dosis;font-weight:500;font-style:normal\" class=\"vc_custom_heading vc_custom_1503397467149\" >Imprese e lavoro<\/h4>\r\n\r\n<div class=\"wpb_row vc_inner vc_row vc_row-fluid jupiter-donut-  add-padding-0 attched-true   \">\r\n\t\t\t<div class=\"wpb_column vc_column_container vc_col-sm-12\"><div class=\"vc_column-inner\"><div class=\"wpb_wrapper\"><\/div><\/div><\/div><div class=\"wpb_column vc_column_container vc_col-sm-3\"><div class=\"vc_column-inner\"><div class=\"wpb_wrapper\">\n<div class=\"mk-custom-box jupiter-donut- hover-effect-image\" id=\"box-2\">\r\n\t<div class=\"box-holder\">\n<div class=\"mk-font-icons icon-align-center  mk-animate-element scale-up jupiter-donut-\" id=\"mk-font-icons-3\">\r\n\t<i class=\"font-icon mk-size-x-large\"><svg class=\"mk-svg-icon\" data-name=\"mk-li-compass\" data-cacheid=\"icon-69e832508e98e\" xmlns=\"http:\/\/www.w3.org\/2000\/svg\" viewbox=\"0 0 480 512\"><path d=\"M295.355 42.873v-6.605c0-17.335-14.055-31.39-31.39-31.39h-47.086c-17.335 0-31.39 14.055-31.39 31.39v6.407c-103.729 24.599-180.917 117.774-180.917 229.02 0 130.021 105.398 235.428 235.428 235.428 130.029 0 235.428-105.407 235.428-235.428 0-110.955-76.768-203.915-180.073-228.822zm-94.172-6.606c0-8.661 7.042-15.695 15.695-15.695h47.086c8.652 0 15.695 7.035 15.695 15.695v3.387c-12.898-2.192-26.133-3.387-39.659-3.387-13.228 0-26.18 1.134-38.817 3.234v-3.234zm38.817 439.466c-112.503 0-204.038-91.535-204.038-204.038s91.534-204.038 204.038-204.038c112.502 0 204.038 91.534 204.038 204.038 0 112.503-91.536 204.038-204.038 204.038zm-67.449-354.721c3.962-1.763 5.741-6.407 3.985-10.361-1.762-3.954-6.383-5.763-10.361-3.985-49.223 21.872-85.848 64.083-100.478 115.813-1.18 4.169 1.241 8.507 5.411 9.686.713.199 1.433.292 2.146.292 3.418 0 6.568-2.254 7.542-5.718 13.356-47.222 46.8-85.756 91.755-105.727zm181.001 26.884c-13.948 5.15-137.019 50.979-161.252 73.969-24.386 23.145-70.881 149.12-76.108 163.405-1.065 2.912-.314 6.177 1.916 8.338 1.495 1.441 3.457 2.208 5.456 2.208.989 0 1.993-.184 2.943-.583 14.37-5.809 140.966-57.324 162.585-75.242 22.317-18.5 69.279-147.434 74.56-162.071 1.034-2.882.314-6.085-1.854-8.246-2.161-2.146-5.372-2.851-8.246-1.778zm-74.475 160.002c-14.684 12.186-96.256 47.163-141.885 66.015 17.151-45.124 49.798-125.377 65.915-140.659 16.285-15.45 95.727-47.745 139.893-64.62-20.103 53.906-50.941 128.52-63.923 139.264zm-39.077-59.746c12.982 0 23.543 10.561 23.543 23.543s-10.561 23.543-23.543 23.543-23.543-10.561-23.543-23.543 10.561-23.543 23.543-23.543z\"><\/path><\/svg><\/i>\r\n<\/div>\r\n<h2 id=\"fancy-title-4\" class=\"mk-fancy-title  mk-animate-element scale-up  simple-style jupiter-donut-  color-single\">\r\n\t<span>\r\n\t\t\t\t<p>Gli Obiettivi<\/p>\n\t\t\t<\/span>\r\n<\/h2>\r\n<div class=\"clearboth\"><\/div>\r\n\r\n\r\n\r\n\r\n\t\t<div class=\"jupiter-donut-clearfix\"><\/div>\r\n\t<\/div>\r\n<\/div>\r\n<\/div><\/div><\/div><div class=\"wpb_column vc_column_container vc_col-sm-9\"><div class=\"vc_column-inner\"><div class=\"wpb_wrapper\">\n<div class=\"mk-custom-box jupiter-donut- hover-effect-image\" id=\"box-5\">\r\n\t<div class=\"box-holder\">\t<div class=\" vc_custom_1538141593487\">\r\n\r\n<div id=\"text-block-6\" class=\"mk-text-block  jupiter-donut- \">\r\n\r\n\t\r\n\t<p>Il Patto individua tre linee strategiche per uno sviluppo che assicuri coesione sociale: una economia forte, aperta e sostenibile; un mondo del lavoro imprenditivo e dinamico; una societ\u00e0 equa e inclusiva.<br>\nE\u2019 dunque necessario orientare gli interventi regionali per il capitale umano, il sistema economico-imprenditoriale e lo sviluppo del sistema agroalimentare del territorio verso linee strategiche condivise.<\/p>\n\r\n\t<div class=\"clearboth\"><\/div>\r\n<\/div>\r\n\r\n\t<\/div>\r\n\r\n\t\t<div class=\"jupiter-donut-clearfix\"><\/div>\r\n\t<\/div>\r\n<\/div>\r\n<\/div><\/div><\/div>\t<\/div>\r\n<\/div>\r\n\t\t\t<\/div>\r\n\t<\/div>\r\n<div class=\"vc_row-full-width vc_clearfix\"><\/div>\r\n<div  data-mk-full-width=\"true\" data-mk-full-width-init=\"false\" class=\"wpb_row vc_row vc_row-fluid jupiter-donut- mk-fullwidth-true add-padding-0 attched-true     js-master-row \">\r\n\t\t\t<div class=\"mk-grid\">\r\n\t\t\t\t\r\n<div class=\"vc_col-sm-3 wpb_column column_container  jupiter-donut- _ jupiter-donut-height-full\">\r\n\t\n<div class=\"mk-custom-box jupiter-donut- hover-effect-image\" id=\"box-8\">\r\n\t<div class=\"box-holder\">\n<div class=\"mk-font-icons icon-align-center  mk-animate-element scale-up jupiter-donut-\" id=\"mk-font-icons-9\">\r\n\t<i class=\"font-icon mk-size-x-large\"><svg class=\"mk-svg-icon\" data-name=\"mk-moon-thumbs-up-2\" data-cacheid=\"icon-69e83250910b7\" xmlns=\"http:\/\/www.w3.org\/2000\/svg\" viewbox=\"0 0 512 512\"><path d=\"M496 336c0-16.458-8.978-30.977-22.654-39.624 4.222-7.146 6.654-15.476 6.654-24.376 0-26.51-21.49-48-48-48h-93.904c11.228-40.455 16.904-82.296 16.904-125 0-36.944-30.056-67-67-67-36.943 0-67 30.056-67 67 0 51.986-19.361 91.975-57.545 118.855-10.5 7.392-22.371 13.743-35.455 19.033v-44.888h-128v320h128v-31.499c29.945 1.966 44.484 9.461 58.595 16.747 14.044 7.253 28.566 14.752 53.405 14.752h160c26.51 0 48-21.49 48-48 0-6.249-1.207-12.213-3.38-17.688 20.385-5.543 35.38-24.171 35.38-46.312 0-8.9-2.432-17.23-6.654-24.376 13.676-8.647 22.654-23.166 22.654-39.624zm-448 144c-8.836 0-16-7.163-16-16s7.164-16 16-16 16 7.163 16 16-7.164 16-16 16zm396-128h-28v32h16c8.822 0 16 7.178 16 16s-7.178 16-16 16h-32v32c8.822 0 16 7.178 16 16s-7.178 16-16 16h-160c-17.064 0-26.149-4.691-38.723-11.185-15.874-8.196-35.193-18.16-73.277-20.364v-171.111c21.468-7.214 40.714-16.715 57.329-28.412 48.196-33.928 73.671-85.772 73.671-149.928 0-15.991 13.01-29 29-29s29 13.009 29 29c0 42.83-6.207 84.706-18.48 125-3.099 11.509-6.033 22.913-8.012 32h141.49200000000002c8.822 0 16 7.178 16 16s-7.178 16-16 16h-16v32h28c10.841 0 20 7.327 20 16s-9.159 16-20 16z\"><\/path><\/svg><\/i>\r\n<\/div>\r\n<h2 id=\"fancy-title-10\" class=\"mk-fancy-title  mk-animate-element scale-up  simple-style jupiter-donut-  color-single\">\r\n\t<span>\r\n\t\t\t\t<p>Gli Impegni<\/p>\n\t\t\t<\/span>\r\n<\/h2>\r\n<div class=\"clearboth\"><\/div>\r\n\r\n\r\n\r\n\r\n\t\t<div class=\"jupiter-donut-clearfix\"><\/div>\r\n\t<\/div>\r\n<\/div>\r\n<\/div>\r\n\r\n<div class=\"vc_col-sm-9 wpb_column column_container  jupiter-donut- _ jupiter-donut-height-full\">\r\n\t\n<div class=\"mk-custom-box jupiter-donut- hover-effect-image\" id=\"box-12\">\r\n\t<div class=\"box-holder\">\t<div class=\" vc_custom_1538141705863\">\r\n\r\n<div id=\"text-block-13\" class=\"mk-text-block  jupiter-donut- \">\r\n\r\n\t\r\n\t<ul>\n<li>Gestione negoziata delle crisi aziendali per evitare decisioni unilaterali<\/li>\n<li>Programmazione integrata delle risorse derivanti dai programmi operativi del Fondo Sociale Europeo (FSE) del Fondo Europeo di Sviluppo Regionale (FESR), e del Fondo Europeo Agricolo per lo sviluppo rurale (FEASR)<\/li>\n<li>Sottoscrizione della Carta dei principi di responsabilit\u00e0 da parte delle imprese che partecipano a Bandi Regionali<\/li>\n<li>Sostegno ai processi di aggregazione e crescita delle imprese e delle filiere, sviluppando occupazione e nuovi lavori<\/li>\n<li>Sostegno alla transizione verso un nuovo modello di gestione turistico-territoriale, valorizzando il patrimonio culturale e ambientale<\/li>\n<li>Sostegno alla competitivit\u00e0 di agricoltura ed agro-industria, con modelli produttivi sostenibili e di qualit\u00e0, con diversificazione e multifunzionalit\u00e0 delle aziende agricole<\/li>\n<li>Fare di Bologna e della Regione un Hub della ricerca industriale completando la rete dei tecnopoli<\/li>\n<li>Interventi per lo sviluppo del lavoro autonomo e creazione di nuove imprese, anche potenziando il ruolo degli incubatori d\u2019impresa<\/li>\n<li>Inclusione lavorativa delle persone fragili e vulnerabili, con presa in carico multidisciplinare tra servizi sociali e servizi per il lavoro<\/li>\n<li>Attuazione del Piano triennale per l\u2019integrazione sociale e l\u2019interculturalit\u00e0 nella scuola, nelle politiche sociali e nel lavoro<\/li>\n<li>Garanzie pi\u00f9 efficienti per le piccole e medie imprese, sostegno al microcredito<\/li>\n<\/ul>\n\r\n\t<div class=\"clearboth\"><\/div>\r\n<\/div>\r\n\r\n\t<\/div>\r\n\r\n\t\t<div class=\"jupiter-donut-clearfix\"><\/div>\r\n\t<\/div>\r\n<\/div>\r\n\r\n\r\n<div class=\"wpb_row vc_inner vc_row vc_row-fluid jupiter-donut-   attched-false   \">\r\n\t\t\t<div class=\"wpb_column vc_column_container vc_col-sm-12\"><div class=\"vc_column-inner\"><div class=\"wpb_wrapper\">\n<div class=\"mk-custom-box jupiter-donut- hover-effect-image\" id=\"box-14\">\r\n\t<div class=\"box-holder\">\n<h4 style=\"font-size: 26px;color: #000000;text-align: center;font-family:Dosis;font-weight:500;font-style:normal\" class=\"vc_custom_heading\">A 30 MESI DALLA FIRMA (dicembre 2017)<\/h4>\n<div class=\"mk-font-icons icon-align-center jupiter-donut-\" id=\"mk-font-icons-15\">\r\n\t<i class=\"font-icon mk-size-medium\"><svg class=\"mk-svg-icon\" data-name=\"mk-icon-arrow-down\" data-cacheid=\"icon-69e8325092e4d\" xmlns=\"http:\/\/www.w3.org\/2000\/svg\" viewbox=\"0 0 1664 1792\"><path d=\"M1611 832q0 53-37 90l-651 652q-39 37-91 37-53 0-90-37l-651-652q-38-36-38-90 0-53 38-91l74-75q39-37 91-37 53 0 90 37l294 294v-704q0-52 38-90t90-38h128q52 0 90 38t38 90v704l294-294q37-37 90-37 52 0 91 37l75 75q37 39 37 91z\"><\/path><\/svg><\/i>\r\n<\/div>\r\n\t\t<div class=\"jupiter-donut-clearfix\"><\/div>\r\n\t<\/div>\r\n<\/div>\r\n\n<div class=\"mk-custom-box jupiter-donut- hover-effect-image\" id=\"box-16\">\r\n\t<div class=\"box-holder\">\r\n<div id=\"box-icon-17\" class=\"mk-box-icon  jupiter-donut- simple_minimal-style   jupiter-donut-clearfix\">\r\n\r\n    <h4 class=\"icon-box-title\">\n<i class=\"mk-main-ico x-large \"><svg class=\"mk-svg-icon\" data-name=\"mk-moon-megaphone\" data-cacheid=\"icon-69e8325094164\" xmlns=\"http:\/\/www.w3.org\/2000\/svg\" viewbox=\"0 0 512 512\"><path d=\"M64 192h-64v160h64v-32l64.009 18.289-.009.729v44.982c0 17.602 14.399 32 32 32h64c17.6 0 32-14.398 32-32v-9.143l160 45.715v-297.142l-352 100.57v-32zm96 155.43l63.928 18.265v18.305h-63.928v-36.57zm288-233.144v315.429l64 18.285v-352z\"><\/path><\/svg><\/i><span>I principali risultati ottenuti<\/span><div class=\"clearboth\"><\/div>\n<\/h4>\r\n    <div class=\"clearboth\"><\/div>\r\n<\/div>\r\n\r\n\r\n\r\n\r\n\r\n\t\t<div class=\"jupiter-donut-clearfix\"><\/div>\r\n\t<\/div>\r\n<\/div>\r\n<\/div><\/div><\/div>\t<\/div>\r\n\n<div class=\"mk-custom-box jupiter-donut- hover-effect-image\" id=\"box-18\">\r\n\t<div class=\"box-holder\">\t<div class=\" vc_custom_1539093970466\">\r\n\r\n<div id=\"text-block-19\" class=\"mk-text-block  jupiter-donut- \">\r\n\r\n\t\r\n\t<ul>\n<li>\n<strong>32.000 lavoratori interessati da CIGS e Cassa Integrazione in deroga<\/strong>, con circa <strong>5000<\/strong> accordi in 1700 imprese. Per le vertenze pi\u00f9 rilevanti vedi la sezione del bilancio sociale dedicata alla \u201c<a href=\"https:\/\/bilanciosocialecgil.it\/emilia-romagna\/la-nostra-azione\/tutele-individuali\/ufficio-vertenze-legali\/\">Difesa dei posti di lavoro \/ Vertenze aziendali<\/a>\u201d. <strong>Oltre 5.500 i posti di lavoro salvaguardati<\/strong>\n<\/li>\n<li>Accordo per il <strong>sostegno al reddito dei lavoratori in attesa di erogazione degli ammortizzatori sociali<\/strong>\n<\/li>\n<li>Dai Fondi Europei mobilitati 19 ml di euro per <strong>progetti di innovazione e diversificazione produttiva<\/strong> nelle PMI, 25 ml per progetti di incremento dell\u2019occupazione, riconversioni e ristrutturazioni aziendali con impatto energetico-ambientale; 30 ml per progetti di digitalizzazione, anche nella Pubblica Amministrazione<\/li>\n<li>A sostegno di progetti di <strong>crescita ed aggregazione di imprese<\/strong> finanziati 2.335 progetti, pr il valore complessivo di 1 mld di investimenti in 1.642 imprese<\/li>\n<li>Per il <strong>sistema turistico<\/strong> territoriale stanziati 83 milioni per la valorizzazione del patrimonio culturale ed ambientale<\/li>\n<li>45 progetti finanziati per la competitivit\u00e0 dell\u2019<strong>agricoltura<\/strong>\u00a0e dell\u2019agroindustria, con la formazione di 350 operatori<\/li>\n<li>Per la ricerca industriale ed il completamento dei <strong>Tecnopoli<\/strong> (Mirandola, Spilamberto, Forl\u00ec e Parma) stanziati fondi per 700 nuovi posti da ricercatore. Definiti progetto e Bando per il Tencopolo di Bologna<\/li>\n<li>Bando per nuove imprese non esportatrici abituali ed il sostegno a <strong>start-up innovative<\/strong>\n<\/li>\n<li>49 ml di euro nel biennio 2016-17 per il Fondo di garanzia per il <strong>Microcredito<\/strong> ed altri interventi<\/li>\n<\/ul>\n\r\n\t<div class=\"clearboth\"><\/div>\r\n<\/div>\r\n\r\n\t<\/div>\r\n\r\n\t\t<div class=\"jupiter-donut-clearfix\"><\/div>\r\n\t<\/div>\r\n<\/div>\r\n<\/div>\r\n\t\t\t<\/div>\r\n\t<\/div>\r\n<div class=\"vc_row-full-width vc_clearfix\"><\/div>\r\n<div  data-mk-stretch-content=\"true\" class=\"wpb_row vc_row vc_row-fluid jupiter-donut- mk-fullwidth-false  attched-false     js-master-row  mk-grid\">\r\n\t\t\t\t\r\n<div class=\"vc_col-sm-12 wpb_column column_container  jupiter-donut- _ jupiter-donut-height-full\">\r\n\t\r\n<div id=\"padding-21\" class=\"mk-padding-divider jupiter-donut-  jupiter-donut-clearfix\"><\/div>\r\n\r\n<\/div>\r\n\t<\/div>\r\n","protected":false},"excerpt":{"rendered":"SviluppoImprese e lavoro Gli Obiettivi Il Patto individua tre linee strategiche per uno sviluppo che assicuri coesione sociale: una economia forte, aperta e sostenibile; un mondo del lavoro imprenditivo e dinamico; una societ\u00e0 equa e inclusiva. E\u2019 dunque necessario orientare gli interventi regionali per il capitale umano, il sistema economico-imprenditoriale e lo sviluppo del sistema [...]","protected":false},"author":3,"featured_media":0,"parent":10111,"menu_order":0,"comment_status":"closed","ping_status":"closed","template":"","meta":[],"yoast_head":"<!-- This site is optimized with the Yoast SEO plugin v18.3 - https:\/\/yoast.com\/wordpress\/plugins\/seo\/ -->\n<title>Sviluppo imprese e lavoro - Bilancio Sociale CGIL Emilia Romagna<\/title>\n<meta name=\"description\" content=\"Le azioni della CGIL Emilia Romagna per la salvaguardia dei posti di lavoro: ammortizzatori sociali (cassa integrazione) vertenze aziendali, accordi\" \/>\n<meta name=\"robots\" content=\"index, follow, max-snippet:-1, max-image-preview:large, max-video-preview:-1\" \/>\n<link rel=\"canonical\" href=\"https:\/\/bilanciosocialecgil.it\/emilia-romagna\/il-patto-per-il-lavoro\/gli-impegni-lo-attuazione-attivita-risultati\/sviluppo-imprese-lavoro\/\" \/>\n<meta property=\"og:locale\" content=\"it_IT\" \/>\n<meta property=\"og:type\" content=\"article\" \/>\n<meta property=\"og:title\" content=\"Sviluppo imprese e lavoro - Bilancio Sociale CGIL Emilia Romagna\" \/>\n<meta property=\"og:description\" content=\"Le azioni della CGIL Emilia Romagna per la salvaguardia dei posti di lavoro: ammortizzatori sociali (cassa integrazione) vertenze aziendali, accordi\" \/>\n<meta property=\"og:url\" content=\"https:\/\/bilanciosocialecgil.it\/emilia-romagna\/il-patto-per-il-lavoro\/gli-impegni-lo-attuazione-attivita-risultati\/sviluppo-imprese-lavoro\/\" \/>\n<meta property=\"og:site_name\" content=\"Bilancio Sociale CGIL Emilia Romagna\" \/>\n<meta property=\"article:publisher\" content=\"https:\/\/www.facebook.com\/CgilEmiliaRomagna\/\" \/>\n<meta property=\"article:modified_time\" content=\"2018-10-09T14:06:59+00:00\" \/>\n<meta name=\"twitter:card\" content=\"summary\" \/>\n<meta name=\"twitter:site\" content=\"@ERCGIL\" \/>\n<meta name=\"twitter:label1\" content=\"Tempo di lettura stimato\" \/>\n\t<meta name=\"twitter:data1\" content=\"5 minuti\" \/>\n<script type=\"application\/ld+json\" class=\"yoast-schema-graph\">{\"@context\":\"https:\/\/schema.org\",\"@graph\":[{\"@type\":\"Organization\",\"@id\":\"https:\/\/bilanciosocialecgil.it\/emilia-romagna\/#organization\",\"name\":\"Cgil Emilia Romagna\",\"url\":\"https:\/\/bilanciosocialecgil.it\/emilia-romagna\/\",\"sameAs\":[\"https:\/\/www.facebook.com\/CgilEmiliaRomagna\/\",\"https:\/\/www.instagram.com\/cgilemromagna\/\",\"https:\/\/twitter.com\/ERCGIL\"],\"logo\":{\"@type\":\"ImageObject\",\"@id\":\"https:\/\/bilanciosocialecgil.it\/emilia-romagna\/#logo\",\"inLanguage\":\"it-IT\",\"url\":\"https:\/\/bilanciosocialecgil.it\/wp-content\/uploads\/2016\/08\/logoCGILER.png\",\"contentUrl\":\"https:\/\/bilanciosocialecgil.it\/wp-content\/uploads\/2016\/08\/logoCGILER.png\",\"width\":164,\"height\":228,\"caption\":\"Cgil Emilia Romagna\"},\"image\":{\"@id\":\"https:\/\/bilanciosocialecgil.it\/emilia-romagna\/#logo\"}},{\"@type\":\"WebSite\",\"@id\":\"https:\/\/bilanciosocialecgil.it\/emilia-romagna\/#website\",\"url\":\"https:\/\/bilanciosocialecgil.it\/emilia-romagna\/\",\"name\":\"Bilancio Sociale CGIL Emilia Romagna\",\"description\":\"Uno strumento di trasparenza e rendicontazione\",\"publisher\":{\"@id\":\"https:\/\/bilanciosocialecgil.it\/emilia-romagna\/#organization\"},\"potentialAction\":[{\"@type\":\"SearchAction\",\"target\":{\"@type\":\"EntryPoint\",\"urlTemplate\":\"https:\/\/bilanciosocialecgil.it\/emilia-romagna\/?s={search_term_string}\"},\"query-input\":\"required name=search_term_string\"}],\"inLanguage\":\"it-IT\"},{\"@type\":\"WebPage\",\"@id\":\"https:\/\/bilanciosocialecgil.it\/emilia-romagna\/il-patto-per-il-lavoro\/gli-impegni-lo-attuazione-attivita-risultati\/sviluppo-imprese-lavoro\/#webpage\",\"url\":\"https:\/\/bilanciosocialecgil.it\/emilia-romagna\/il-patto-per-il-lavoro\/gli-impegni-lo-attuazione-attivita-risultati\/sviluppo-imprese-lavoro\/\",\"name\":\"Sviluppo imprese e lavoro - Bilancio Sociale CGIL Emilia Romagna\",\"isPartOf\":{\"@id\":\"https:\/\/bilanciosocialecgil.it\/emilia-romagna\/#website\"},\"datePublished\":\"2017-08-22T09:24:02+00:00\",\"dateModified\":\"2018-10-09T14:06:59+00:00\",\"description\":\"Le azioni della CGIL Emilia Romagna per la salvaguardia dei posti di lavoro: ammortizzatori sociali (cassa integrazione) vertenze aziendali, accordi\",\"breadcrumb\":{\"@id\":\"https:\/\/bilanciosocialecgil.it\/emilia-romagna\/il-patto-per-il-lavoro\/gli-impegni-lo-attuazione-attivita-risultati\/sviluppo-imprese-lavoro\/#breadcrumb\"},\"inLanguage\":\"it-IT\",\"potentialAction\":[{\"@type\":\"ReadAction\",\"target\":[\"https:\/\/bilanciosocialecgil.it\/emilia-romagna\/il-patto-per-il-lavoro\/gli-impegni-lo-attuazione-attivita-risultati\/sviluppo-imprese-lavoro\/\"]}]},{\"@type\":\"BreadcrumbList\",\"@id\":\"https:\/\/bilanciosocialecgil.it\/emilia-romagna\/il-patto-per-il-lavoro\/gli-impegni-lo-attuazione-attivita-risultati\/sviluppo-imprese-lavoro\/#breadcrumb\",\"itemListElement\":[{\"@type\":\"ListItem\",\"position\":1,\"name\":\"Home\",\"item\":\"https:\/\/bilanciosocialecgil.it\/emilia-romagna\/\"},{\"@type\":\"ListItem\",\"position\":2,\"name\":\"Patto per il Lavoro e per il Clima\",\"item\":\"https:\/\/bilanciosocialecgil.it\/emilia-romagna\/il-patto-per-il-lavoro\/\"},{\"@type\":\"ListItem\",\"position\":3,\"name\":\"Gli impegni e lo stato di attuazione (attivit\u00e0 e risultati)\",\"item\":\"https:\/\/bilanciosocialecgil.it\/emilia-romagna\/il-patto-per-il-lavoro\/gli-impegni-lo-attuazione-attivita-risultati\/\"},{\"@type\":\"ListItem\",\"position\":4,\"name\":\"Sviluppo imprese e lavoro\"}]}]}<\/script>\n<!-- \/ Yoast SEO plugin. -->","yoast_head_json":{"title":"Sviluppo imprese e lavoro - Bilancio Sociale CGIL Emilia Romagna","description":"Le azioni della CGIL Emilia Romagna per la salvaguardia dei posti di lavoro: ammortizzatori sociali (cassa integrazione) vertenze aziendali, accordi","robots":{"index":"index","follow":"follow","max-snippet":"max-snippet:-1","max-image-preview":"max-image-preview:large","max-video-preview":"max-video-preview:-1"},"canonical":"https:\/\/bilanciosocialecgil.it\/emilia-romagna\/il-patto-per-il-lavoro\/gli-impegni-lo-attuazione-attivita-risultati\/sviluppo-imprese-lavoro\/","og_locale":"it_IT","og_type":"article","og_title":"Sviluppo imprese e lavoro - Bilancio Sociale CGIL Emilia Romagna","og_description":"Le azioni della CGIL Emilia Romagna per la salvaguardia dei posti di lavoro: ammortizzatori sociali (cassa integrazione) vertenze aziendali, accordi","og_url":"https:\/\/bilanciosocialecgil.it\/emilia-romagna\/il-patto-per-il-lavoro\/gli-impegni-lo-attuazione-attivita-risultati\/sviluppo-imprese-lavoro\/","og_site_name":"Bilancio Sociale CGIL Emilia Romagna","article_publisher":"https:\/\/www.facebook.com\/CgilEmiliaRomagna\/","article_modified_time":"2018-10-09T14:06:59+00:00","twitter_card":"summary","twitter_site":"@ERCGIL","twitter_misc":{"Tempo di lettura stimato":"5 minuti"},"schema":{"@context":"https:\/\/schema.org","@graph":[{"@type":"Organization","@id":"https:\/\/bilanciosocialecgil.it\/emilia-romagna\/#organization","name":"Cgil Emilia Romagna","url":"https:\/\/bilanciosocialecgil.it\/emilia-romagna\/","sameAs":["https:\/\/www.facebook.com\/CgilEmiliaRomagna\/","https:\/\/www.instagram.com\/cgilemromagna\/","https:\/\/twitter.com\/ERCGIL"],"logo":{"@type":"ImageObject","@id":"https:\/\/bilanciosocialecgil.it\/emilia-romagna\/#logo","inLanguage":"it-IT","url":"https:\/\/bilanciosocialecgil.it\/wp-content\/uploads\/2016\/08\/logoCGILER.png","contentUrl":"https:\/\/bilanciosocialecgil.it\/wp-content\/uploads\/2016\/08\/logoCGILER.png","width":164,"height":228,"caption":"Cgil Emilia Romagna"},"image":{"@id":"https:\/\/bilanciosocialecgil.it\/emilia-romagna\/#logo"}},{"@type":"WebSite","@id":"https:\/\/bilanciosocialecgil.it\/emilia-romagna\/#website","url":"https:\/\/bilanciosocialecgil.it\/emilia-romagna\/","name":"Bilancio Sociale CGIL Emilia Romagna","description":"Uno strumento di trasparenza e rendicontazione","publisher":{"@id":"https:\/\/bilanciosocialecgil.it\/emilia-romagna\/#organization"},"potentialAction":[{"@type":"SearchAction","target":{"@type":"EntryPoint","urlTemplate":"https:\/\/bilanciosocialecgil.it\/emilia-romagna\/?s={search_term_string}"},"query-input":"required name=search_term_string"}],"inLanguage":"it-IT"},{"@type":"WebPage","@id":"https:\/\/bilanciosocialecgil.it\/emilia-romagna\/il-patto-per-il-lavoro\/gli-impegni-lo-attuazione-attivita-risultati\/sviluppo-imprese-lavoro\/#webpage","url":"https:\/\/bilanciosocialecgil.it\/emilia-romagna\/il-patto-per-il-lavoro\/gli-impegni-lo-attuazione-attivita-risultati\/sviluppo-imprese-lavoro\/","name":"Sviluppo imprese e lavoro - Bilancio Sociale CGIL Emilia Romagna","isPartOf":{"@id":"https:\/\/bilanciosocialecgil.it\/emilia-romagna\/#website"},"datePublished":"2017-08-22T09:24:02+00:00","dateModified":"2018-10-09T14:06:59+00:00","description":"Le azioni della CGIL Emilia Romagna per la salvaguardia dei posti di lavoro: ammortizzatori sociali (cassa integrazione) vertenze aziendali, accordi","breadcrumb":{"@id":"https:\/\/bilanciosocialecgil.it\/emilia-romagna\/il-patto-per-il-lavoro\/gli-impegni-lo-attuazione-attivita-risultati\/sviluppo-imprese-lavoro\/#breadcrumb"},"inLanguage":"it-IT","potentialAction":[{"@type":"ReadAction","target":["https:\/\/bilanciosocialecgil.it\/emilia-romagna\/il-patto-per-il-lavoro\/gli-impegni-lo-attuazione-attivita-risultati\/sviluppo-imprese-lavoro\/"]}]},{"@type":"BreadcrumbList","@id":"https:\/\/bilanciosocialecgil.it\/emilia-romagna\/il-patto-per-il-lavoro\/gli-impegni-lo-attuazione-attivita-risultati\/sviluppo-imprese-lavoro\/#breadcrumb","itemListElement":[{"@type":"ListItem","position":1,"name":"Home","item":"https:\/\/bilanciosocialecgil.it\/emilia-romagna\/"},{"@type":"ListItem","position":2,"name":"Patto per il Lavoro e per il Clima","item":"https:\/\/bilanciosocialecgil.it\/emilia-romagna\/il-patto-per-il-lavoro\/"},{"@type":"ListItem","position":3,"name":"Gli impegni e lo stato di attuazione (attivit\u00e0 e risultati)","item":"https:\/\/bilanciosocialecgil.it\/emilia-romagna\/il-patto-per-il-lavoro\/gli-impegni-lo-attuazione-attivita-risultati\/"},{"@type":"ListItem","position":4,"name":"Sviluppo imprese e lavoro"}]}]}},"_links":{"self":[{"href":"https:\/\/bilanciosocialecgil.it\/emilia-romagna\/wp-json\/wp\/v2\/pages\/10193"}],"collection":[{"href":"https:\/\/bilanciosocialecgil.it\/emilia-romagna\/wp-json\/wp\/v2\/pages"}],"about":[{"href":"https:\/\/bilanciosocialecgil.it\/emilia-romagna\/wp-json\/wp\/v2\/types\/page"}],"author":[{"embeddable":true,"href":"https:\/\/bilanciosocialecgil.it\/emilia-romagna\/wp-json\/wp\/v2\/users\/3"}],"replies":[{"embeddable":true,"href":"https:\/\/bilanciosocialecgil.it\/emilia-romagna\/wp-json\/wp\/v2\/comments?post=10193"}],"version-history":[{"count":10,"href":"https:\/\/bilanciosocialecgil.it\/emilia-romagna\/wp-json\/wp\/v2\/pages\/10193\/revisions"}],"predecessor-version":[{"id":10784,"href":"https:\/\/bilanciosocialecgil.it\/emilia-romagna\/wp-json\/wp\/v2\/pages\/10193\/revisions\/10784"}],"up":[{"embeddable":true,"href":"https:\/\/bilanciosocialecgil.it\/emilia-romagna\/wp-json\/wp\/v2\/pages\/10111"}],"wp:attachment":[{"href":"https:\/\/bilanciosocialecgil.it\/emilia-romagna\/wp-json\/wp\/v2\/media?parent=10193"}],"curies":[{"name":"wp","href":"https:\/\/api.w.org\/{rel}","templated":true}]}}